{"id":42,"date":"2020-05-30T16:32:55","date_gmt":"2020-05-30T16:32:55","guid":{"rendered":"https:\/\/bioresonanz-3000.it\/?page_id=42"},"modified":"2020-06-02T08:50:28","modified_gmt":"2020-06-02T08:50:28","slug":"biorisonanza-per-luomo","status":"publish","type":"page","link":"https:\/\/bioresonanz-3000.it\/index.php\/biorisonanza-per-luomo\/","title":{"rendered":"Biorisonanza per l&#8217;uomo"},"content":{"rendered":"\n<h4 class=\"wp-block-heading\">BioResonanz-3000 &#8211; Applicazione in medicina umana<\/h4>\n\n\n\n<p>Il sistema BioResonanz-3000 \u00e8 utilizzato principalmente da medici, naturopati, operatori olistici, biologi, mental coach, ecc . Dispone inoltre di un&#8217;ulteriore banca dati veterinaria per i pazienti animali di ogni tipo.<\/p>\n\n\n\n<h4 class=\"wp-block-heading\">Come funziona in pratica il sistema BioResonanz-3000?<\/h4>\n\n\n\n<p>L&#8217;innovativa tecnologia consente di testare numerose sostanze digitalizzate in un tempo molto breve. I singoli nosodi non devono essere inseriti manualmente nel dispositivo BioResonanz-3000, ma possono essere facilmente selezionati nel software e richiamati automaticamente. Ci\u00f2 si traduce in un notevole risparmio di tempo, che il terapeuta pu\u00f2 utilizzare per la necessaria consultazione del cliente.<\/p>\n\n\n\n<h4 class=\"wp-block-heading\">La nuova sfida: i pazienti consapevoli vogliono essere ascoltati e inclusi<\/h4>\n\n\n\n<p>Spesso i pazienti si rivolgono al proprio medico per una diagnosi, desiderano una terapia specifica o cercano forme alternative di trattamento in parallelo alla medicina convenzionale. L&#8217;ottenimento di un secondo o anche di un terzo parere documenta anche la crescente maturit\u00e0 dei pazienti. Il rapporto medico-paziente si sta sviluppando sempre pi\u00f9 da un rapporto asimmetrico a un rapporto simmetrico &#8211; uno sviluppo positivo a beneficio dei pazienti, perch\u00e9 il rapporto di fiducia tra le due parti gioca un ruolo importante nel corso della terapia.<br>\u00c8 noto da molto tempo: Due dei prerequisiti pi\u00f9 importanti per un trattamento di successo nell&#8217;uomo sono un&#8217;ampia comunicazione tra paziente e medico e un rapporto medico-paziente basato sulla fiducia. Gi\u00e0 Paracelso riconosceva nel XVI secolo: &#8220;La forza del medico sta nel paziente&#8221;. \u00c8 qui che BioResonanz-3000 mostra un punto di forza significativo: i test e le regolazioni completamente automatizzati vi danno il tempo per discutere della soluzione con i vostri pazienti e creano un&#8217;atmosfera di competenza, sicurezza e fiducia.<\/p>\n\n\n\n<h4 class=\"wp-block-heading\">Metodo di biorisonanza negli adulti<\/h4>\n\n\n\n<p>Prima di qualsiasi terapia, naturalmente, il primo passo \u00e8 sempre una verifica. Qui, dopo una consulenza dettagliata con il cliente, viene effettuato il test. Sulla base di questi test iniziali, \u00e8 gi\u00e0 possibile determinare se determinati problemi sono presenti nel corpo del cliente. Questi possono essere tra gli altri: Incompatibilit\u00e0, organi indeboliti o esposizione a tossine. In questo modo si possono spesso scoprire cause nascoste di problemi.<\/p>\n\n\n\n<p>Dopo l&#8217;ampia valutazione, di solito viene elaborato un piano di trattamento. La frequenza, la durata e la tipologia delle successive sedute di regolazione sono determinate dal medico, dal medico alternativo o dall&#8217;operatore olistico stesso. Si possono prendere in considerazione anche misure di accompagnamento e completare la procedura.<\/p>\n\n\n\n<h4 class=\"wp-block-heading\">Terapia di biorisonanza per bambini<\/h4>\n\n\n\n<p>Secondo i rapporti di medici alternativi, la pratica di biorisonanza viene utilizzata per il piccolo organismo di un bambino come forma di applicazione dolce e sostenibile. Poich\u00e9 la regolazione \u00e8 molto delicata e assolutamente indolore ed \u00e8 improbabile che causi effetti collaterali, la biorisonanza pu\u00f2 essere un metodo adatto per i bambini. Tuttavia, l&#8217;uso della biorisonanza nei bambini richiede un grado particolarmente elevato di sensibilit\u00e0 e competenza professionale nella verifica e nel trattamento, poich\u00e9 la pratica di biorisonanza non \u00e8 stata provata dalla medicina convenzionale. I bambini, e soprattutto i neonati, di solito sono in grado di esprimersi in modo poco chiaro o non si esprimono affatto sulle loro problematiche. Mentre un bambino all&#8217;et\u00e0 di 12 o 14 anni pu\u00f2 gi\u00e0 comunicare il dolore o il disagio in modo abbastanza preciso, una analisi precisa di un bambino, per esempio, \u00e8 difficile.<br>Il medico curante, il medico alternativo o altro operatore devono concentrarsi soprattutto sulla metodologia di esame, l&#8217;analisi e la comunicazione con chi si prende cura del bambino per poter determinare le cause dei disturbi della salute. I genitori conoscono molto bene il loro figlio e possono supportarlo quando si sente male ma non sanno interpretare i segnali del suo corpo. Pertanto, si raccomanda naturalmente di coinvolgere mamma e pap\u00e0 nella determinazione del problema e nella applicazione delle misure necessarie. La terapia di biorisonanza \u00e8 solo un ulteriore e utile mezzo per trovare i disturbi nascosti e le cause dei problemi.<\/p>\n\n\n\n<h4 class=\"wp-block-heading\">Come la terapia di biorisonanza pu\u00f2 sostenere i bambini.<\/h4>\n\n\n\n<p>La biorisonanza \u00e8 un trattamento naturopatico e quindi, proprio come l&#8217;omeopatia o l&#8217;agopuntura, \u00e8 una tecnica alternativa. I metodi utilizzati hanno una visione olistica dell&#8217;essere umano &#8211; questa \u00e8 la base su cui i professionisti alternativi e i medici della naturopatia sviluppano le loro terapie. La medicina convenzionale non riconosce ancora questa forma di terapia, i rappresentanti della medicina convenzionale sono scettici sui metodi. Anche se ci sono molti studi scientifici sugli effetti in questo settore, numerosi esiti positivi da parte dei pazienti dimostrano che la terapia di biorisonanza pu\u00f2 essere un utile complemento al trattamento medico convenzionale.A oggi con queste tecnologie si curano circa 100.000.000 persone all\u2019anno nel mondo.<br>La regolazione della biorisonanza per i bambini pu\u00f2 essere particolarmente adatta nel caso di allergie che non possono essere trattate con la sola medicina convenzionale. Quando i bambini hanno il naso che cola e il raffreddore da fieno provoca l&#8217;arrossamento degli occhi, gli utilizzatori di biorisonanza riferiscono effetti positivi nei loro piccoli pazienti. Con l&#8217;aiuto del dispositivo BioResonanz-3000 le vibrazioni del corpo di un bambino possono essere registrate e verificate in una sola seduta. Le vibrazioni sane vengono poi restituite. Questo principio viene utilizzato dai medici alternativi per curare le malattie esistenti. Le oscillazioni armoniche vengono calcolate nell&#8217;apparecchio a partire dalle oscillazioni misurate e inviate al corpo tramite elettrodi. Questa procedura \u00e8 molto delicata, non provoca dolore o altre reazioni indesiderate ed \u00e8 quindi adatta a tutte le et\u00e0.<\/p>\n\n\n\n<h4 class=\"wp-block-heading\">Biorisonanza per bambini<\/h4>\n\n\n\n<p>Secondo i rapporti, anche il trattamento di sostegno di altri disturbi mentali e fisici con la terapia di biorisonanza nei bambini ha gi\u00e0 raggiunto il successo. Il metodo della biorisonanza ha avuto particolare successo nel trattamento delle difficolt\u00e0 di apprendimento, dei disturbi della concentrazione, dei blocchi, degli stati d&#8217;ansia (compresa l&#8217;ansia da test o la paura della scuola in s\u00e9), dell&#8217;iperattivit\u00e0 (ADHD) e di vari tipi di disturbi mentali. Ma anche quando malattie croniche, causate da batteri, virus o da un&#8217;alimentazione sbagliata o da altri stress fisici, colpiscono il bambino nella sua vita quotidiana, la terapia di biorisonanza pu\u00f2 essere utilizzata in aggiunta alla medicina convenzionale.<\/p>\n","protected":false},"excerpt":{"rendered":"<p>BioResonanz-3000 &#8211; Applicazione in medicina umana Il sistema BioResonanz-3000 \u00e8 utilizzato principalmente da medici, naturopati, operatori olistici, biologi, mental coach, ecc . Dispone inoltre di un&#8217;ulteriore banca dati veterinaria per i pazienti animali di ogni tipo. Come funziona in pratica il sistema BioResonanz-3000? L&#8217;innovativa tecnologia consente di testare numerose sostanze digitalizzate in un tempo molto [&hellip;]<\/p>\n","protected":false},"author":1,"featured_media":0,"parent":0,"menu_order":0,"comment_status":"closed","ping_status":"closed","template":"","meta":{"footnotes":""},"yoast_head":"<!-- This site is optimized with the Yoast SEO plugin v22.2 - https:\/\/yoast.com\/wordpress\/plugins\/seo\/ -->\n<title>Biorisonanza per l&#039;uomo - BioResonanz 3000<\/title>\n<meta name=\"robots\" content=\"index, follow, max-snippet:-1, max-image-preview:large, max-video-preview:-1\" \/>\n<link rel=\"canonical\" href=\"https:\/\/bioresonanz-3000.it\/index.php\/biorisonanza-per-luomo\/\" \/>\n<meta property=\"og:locale\" content=\"it_IT\" \/>\n<meta property=\"og:type\" content=\"article\" \/>\n<meta property=\"og:title\" content=\"Biorisonanza per l&#039;uomo - BioResonanz 3000\" \/>\n<meta property=\"og:description\" content=\"BioResonanz-3000 &#8211; Applicazione in medicina umana Il sistema BioResonanz-3000 \u00e8 utilizzato principalmente da medici, naturopati, operatori olistici, biologi, mental coach, ecc . Dispone inoltre di un&#8217;ulteriore banca dati veterinaria per i pazienti animali di ogni tipo. Come funziona in pratica il sistema BioResonanz-3000? L&#8217;innovativa tecnologia consente di testare numerose sostanze digitalizzate in un tempo molto [&hellip;]\" \/>\n<meta property=\"og:url\" content=\"https:\/\/bioresonanz-3000.it\/index.php\/biorisonanza-per-luomo\/\" \/>\n<meta property=\"og:site_name\" content=\"BioResonanz 3000\" \/>\n<meta property=\"article:modified_time\" content=\"2020-06-02T08:50:28+00:00\" \/>\n<meta name=\"twitter:card\" content=\"summary_large_image\" \/>\n<meta name=\"twitter:label1\" content=\"Tempo di lettura stimato\" \/>\n\t<meta name=\"twitter:data1\" content=\"5 minuti\" \/>\n<script type=\"application\/ld+json\" class=\"yoast-schema-graph\">{\"@context\":\"https:\/\/schema.org\",\"@graph\":[{\"@type\":\"WebPage\",\"@id\":\"https:\/\/bioresonanz-3000.it\/index.php\/biorisonanza-per-luomo\/\",\"url\":\"https:\/\/bioresonanz-3000.it\/index.php\/biorisonanza-per-luomo\/\",\"name\":\"Biorisonanza per l'uomo - BioResonanz 3000\",\"isPartOf\":{\"@id\":\"https:\/\/bioresonanz-3000.it\/#website\"},\"datePublished\":\"2020-05-30T16:32:55+00:00\",\"dateModified\":\"2020-06-02T08:50:28+00:00\",\"breadcrumb\":{\"@id\":\"https:\/\/bioresonanz-3000.it\/index.php\/biorisonanza-per-luomo\/#breadcrumb\"},\"inLanguage\":\"it-IT\",\"potentialAction\":[{\"@type\":\"ReadAction\",\"target\":[\"https:\/\/bioresonanz-3000.it\/index.php\/biorisonanza-per-luomo\/\"]}]},{\"@type\":\"BreadcrumbList\",\"@id\":\"https:\/\/bioresonanz-3000.it\/index.php\/biorisonanza-per-luomo\/#breadcrumb\",\"itemListElement\":[{\"@type\":\"ListItem\",\"position\":1,\"name\":\"Home\",\"item\":\"https:\/\/bioresonanz-3000.it\/\"},{\"@type\":\"ListItem\",\"position\":2,\"name\":\"Biorisonanza per l&#8217;uomo\"}]},{\"@type\":\"WebSite\",\"@id\":\"https:\/\/bioresonanz-3000.it\/#website\",\"url\":\"https:\/\/bioresonanz-3000.it\/\",\"name\":\"BioResonanz 3000\",\"description\":\"La BioRisonanza va a 3000!\",\"potentialAction\":[{\"@type\":\"SearchAction\",\"target\":{\"@type\":\"EntryPoint\",\"urlTemplate\":\"https:\/\/bioresonanz-3000.it\/?s={search_term_string}\"},\"query-input\":\"required name=search_term_string\"}],\"inLanguage\":\"it-IT\"}]}<\/script>\n<!-- \/ Yoast SEO plugin. -->","yoast_head_json":{"title":"Biorisonanza per l'uomo - BioResonanz 3000","robots":{"index":"index","follow":"follow","max-snippet":"max-snippet:-1","max-image-preview":"max-image-preview:large","max-video-preview":"max-video-preview:-1"},"canonical":"https:\/\/bioresonanz-3000.it\/index.php\/biorisonanza-per-luomo\/","og_locale":"it_IT","og_type":"article","og_title":"Biorisonanza per l'uomo - BioResonanz 3000","og_description":"BioResonanz-3000 &#8211; Applicazione in medicina umana Il sistema BioResonanz-3000 \u00e8 utilizzato principalmente da medici, naturopati, operatori olistici, biologi, mental coach, ecc . Dispone inoltre di un&#8217;ulteriore banca dati veterinaria per i pazienti animali di ogni tipo. Come funziona in pratica il sistema BioResonanz-3000? L&#8217;innovativa tecnologia consente di testare numerose sostanze digitalizzate in un tempo molto [&hellip;]","og_url":"https:\/\/bioresonanz-3000.it\/index.php\/biorisonanza-per-luomo\/","og_site_name":"BioResonanz 3000","article_modified_time":"2020-06-02T08:50:28+00:00","twitter_card":"summary_large_image","twitter_misc":{"Tempo di lettura stimato":"5 minuti"},"schema":{"@context":"https:\/\/schema.org","@graph":[{"@type":"WebPage","@id":"https:\/\/bioresonanz-3000.it\/index.php\/biorisonanza-per-luomo\/","url":"https:\/\/bioresonanz-3000.it\/index.php\/biorisonanza-per-luomo\/","name":"Biorisonanza per l'uomo - BioResonanz 3000","isPartOf":{"@id":"https:\/\/bioresonanz-3000.it\/#website"},"datePublished":"2020-05-30T16:32:55+00:00","dateModified":"2020-06-02T08:50:28+00:00","breadcrumb":{"@id":"https:\/\/bioresonanz-3000.it\/index.php\/biorisonanza-per-luomo\/#breadcrumb"},"inLanguage":"it-IT","potentialAction":[{"@type":"ReadAction","target":["https:\/\/bioresonanz-3000.it\/index.php\/biorisonanza-per-luomo\/"]}]},{"@type":"BreadcrumbList","@id":"https:\/\/bioresonanz-3000.it\/index.php\/biorisonanza-per-luomo\/#breadcrumb","itemListElement":[{"@type":"ListItem","position":1,"name":"Home","item":"https:\/\/bioresonanz-3000.it\/"},{"@type":"ListItem","position":2,"name":"Biorisonanza per l&#8217;uomo"}]},{"@type":"WebSite","@id":"https:\/\/bioresonanz-3000.it\/#website","url":"https:\/\/bioresonanz-3000.it\/","name":"BioResonanz 3000","description":"La BioRisonanza va a 3000!","potentialAction":[{"@type":"SearchAction","target":{"@type":"EntryPoint","urlTemplate":"https:\/\/bioresonanz-3000.it\/?s={search_term_string}"},"query-input":"required name=search_term_string"}],"inLanguage":"it-IT"}]}},"_links":{"self":[{"href":"https:\/\/bioresonanz-3000.it\/index.php\/wp-json\/wp\/v2\/pages\/42"}],"collection":[{"href":"https:\/\/bioresonanz-3000.it\/index.php\/wp-json\/wp\/v2\/pages"}],"about":[{"href":"https:\/\/bioresonanz-3000.it\/index.php\/wp-json\/wp\/v2\/types\/page"}],"author":[{"embeddable":true,"href":"https:\/\/bioresonanz-3000.it\/index.php\/wp-json\/wp\/v2\/users\/1"}],"replies":[{"embeddable":true,"href":"https:\/\/bioresonanz-3000.it\/index.php\/wp-json\/wp\/v2\/comments?post=42"}],"version-history":[{"count":5,"href":"https:\/\/bioresonanz-3000.it\/index.php\/wp-json\/wp\/v2\/pages\/42\/revisions"}],"predecessor-version":[{"id":85,"href":"https:\/\/bioresonanz-3000.it\/index.php\/wp-json\/wp\/v2\/pages\/42\/revisions\/85"}],"wp:attachment":[{"href":"https:\/\/bioresonanz-3000.it\/index.php\/wp-json\/wp\/v2\/media?parent=42"}],"curies":[{"name":"wp","href":"https:\/\/api.w.org\/{rel}","templated":true}]}}