{"id":45,"date":"2020-05-30T16:31:29","date_gmt":"2020-05-30T16:31:29","guid":{"rendered":"https:\/\/bioresonanz-3000.it\/?page_id=45"},"modified":"2020-06-03T08:53:53","modified_gmt":"2020-06-03T08:53:53","slug":"biorisonanza-in-uso-con-pazienti-di-origine-animale","status":"publish","type":"page","link":"https:\/\/bioresonanz-3000.it\/index.php\/biorisonanza-in-uso-con-pazienti-di-origine-animale\/","title":{"rendered":"Biorisonanza per gli animali"},"content":{"rendered":"\n<h4 class=\"wp-block-heading\">In uso con pazienti di origine animale<\/h4>\n\n\n\n<p>Grazie ai molteplici campi di applicazione della biorisonanza, il metodo per il trattamento di supporto e l&#8217;analisi mostra anche il suo potenziale nel trattamento degli animali. La biorisonanza per gli animali non \u00e8 pi\u00f9 una rarit\u00e0 nella medicina veterinaria, dove viene utilizzata da oltre 10 anni. Nella loro pratica, i veterinari utilizzano la terapia di biorisonanza come metodo complementare alla medicina convenzionale per poter offrire una terapia olistica.<br>Come l&#8217;omeopatia, l&#8217;agopuntura, la medicina tradizionale cinese e altri metodi di guarigione naturale, il metodo della biorisonanza appartiene alla cosiddetta medicina esperienziale. Non \u00e8 un obiettivo della ricerca scientifica e quindi purtroppo non \u00e8 ancora riconosciuto. Tuttavia, molti veterinari utilizzano la biorisonanza come terapia di accompagnamento o come terapia a se stante, riscontrandone gli effetti positivi soprattutto nei casi di malattie croniche come le allergie, l&#8217;intolleranza alimentare e le malattie respiratorie croniche. Quando la medicina tradizionale mostra i suoi limiti e solo i sintomi &#8211; ma non le cause &#8211; possono essere trattati, i vantaggi della terapia olistica divengono chiari ai veterinari.<\/p>\n\n\n\n<h4 class=\"wp-block-heading\">Analisi negli animali: Verifica estesa con BioResonanz-3000<\/h4>\n\n\n\n<p>Per gli animali selvatici \u00e8 fondamentale nascondere il pi\u00f9 possibile le debolezze, il dolore e le malattie. I nostri animali domestici sono cos\u00ec simili ai loro parenti selvaggi che anche loro padroneggiano perfettamente quest&#8217;arte. Pertanto \u00e8 importante che il proprietario dell&#8217;animale osservi attentamente il suo animale.<br>L&#8217;analisi dovrebbe gi\u00e0 mostrare i chiari vantaggi della biorisonanza per gli animali: quasi tutte le malattie generano oscillazioni disarmoniche, che possono essere rilevate con il dispositivo di biorisonanza. Il terapeuta formato \u00e8 in grado di determinare gli inneschi della malattia con l&#8217;aiuto di una buona base informativa, basata ad esempio su un test di biorisonanza completo, sull&#8217;anamnesi e su eventuali risultati di laboratorio. La registrazione delle risonanze viene effettuata con l&#8217;aiuto del nostro bracciale per animali o del tappetino con il metodo della biorisonanza, completamente esente da disturbi e dolori per gli animali. L&#8217;interfaccia del BioResonanz-3000  permette di esaminare ulteriori sostanze come mangimi, urine o campioni di pelo degli animali. Nell&#8217;ambito di un esame olistico dell&#8217;organismo, possono essere rilevati precocemente, grazie ad un&#8217;attenta anamnesi, gli organi energeticamente disturbati, e possono essere avviate azioni adeguate.<\/p>\n\n\n\n<h4 class=\"wp-block-heading\">Aiutare l&#8217;animale con un trattamento ottimale e una terapia di biorisonanza<\/h4>\n\n\n\n<p>Anche se gli animali hanno generalmente un ottimo potere di autoguarigione, le influenze ambientali sempre pi\u00f9 spesso colpiscono i nostri animali domestici e gli animali da allevamento, indebolendoli. La continua esposizione dell&#8217;organismo a tossine ambientali, funghi, virus e batteri indebolisce il sistema immunitario e, in ultima analisi, ha effetto sull&#8217;animale colpito. Malattie, allergie e intolleranze si manifestano pi\u00f9 spesso. Soprattutto le infestazioni fungine sulla pelle sono un chiaro segno di un sistema immunitario disturbato e di problemi di salute. Ma anche le malattie croniche dell&#8217;apparato muscoloscheletrico possono essere basate su un cattivo stato di salute generale dell&#8217;animale e non sono in ogni caso &#8220;semplicemente&#8221; dovute a un difetto genetico causato dall&#8217;allevamento. Ad esempio, la tensione e i blocchi sono spesso responsabili di un&#8217;andatura zoppa e di un dolore durante il movimento. Le cause dei sintomi della malattia sono molteplici e possono essere determinate, nella migliore delle ipotesi, da un esame completo.<br>Se le visite regolari allo studio veterinario e il trattamento convenzionale con farmaci in casi particolarmente persistenti non apportano alcun miglioramento, i proprietari iniziano spesso a cercare un&#8217;alternativa utile o un&#8217;integrazione alla terapia esistente.<br>Con la biorisonanza per gli animali, a chi cerca aiuto viene offerta una forma di terapia complementare e alternativa che pu\u00f2 essere effettuata senza effetti collaterali o stress aggiuntivo per l&#8217;animale. In generale, gli animali sembrano avere un senso per le vibrazioni. Spesso si pu\u00f2 osservare come gli animali si rilassino durante il trattamento. La biorisonanza \u00e8 adatta per l&#8217;uso con animali di grandi dimensioni e di fattoria come i cavalli, ma anche con cani, gatti e piccoli animali.<br>L&#8217;effetto esatto della biorisonanza sugli animali non \u00e8 oggetto di ricerca scientifica e non \u00e8 quindi riconosciuto in medicina veterinaria. Tuttavia, numerosi rapporti di esperienza di veterinari e proprietari di animali domestici suggeriscono che la biorisonanza \u00e8 un utile complemento al trattamento medico convenzionale dei disturbi. Dopo che, secondo i rapporti, una diagnosi gi\u00e0 esistente \u00e8 stata verificata o addirittura ampliata con l&#8217;aiuto del dispositivo di biorisonanza, si pu\u00f2 iniziare una terapia di supporto. Con l&#8217;ausilio degli accessori a misura di animale, le oscillazioni bioenergetiche devono essere condotte dall&#8217;animale all&#8217;apparecchio e viceversa. Le informazioni contenute nelle oscillazioni stimolano presumibilmente i processi biochimici nelle cellule, che sostengono il corpo nell&#8217;autoguarigione. Nelle malattie autoimmuni, la biorisonanza ha dimostrato di migliorare la qualit\u00e0 della vita degli animali.<\/p>\n\n\n\n<h4 class=\"wp-block-heading\">In sintesi le applicazioni pi\u00f9 comuni della biorisonanza in medicina veterinaria.<\/h4>\n\n\n\n<ul><li>Trattamento delle allergie: analisi e regolazione<\/li><li>Trattamento di malattie croniche delle vie respiratorie, dell&#8217;apparato locomotore, della pelle e del tratto gastrointestinale<\/li><li>Screening di organi come reni, vescica, pancreas e fegato<\/li><li>Test su farmaci e mangimi per le intolleranze<\/li><li>Rilevamento e trattamento complementare di blocchi e tensioni<\/li><li>Tutte le altre applicazioni di biorisonanza che si applicano all&#8217;uomo sono anche applicazioni di bioresonanza per gli animali<\/li><\/ul>\n\n\n\n<p>Sempre pi\u00f9 proprietari desiderano una terapia olistica per i loro compagni animali. Soddisfate i desideri dei vostri clienti semplicemente acquistando una moderna tecnologia di biorisonanza per il vostro studio e completando la formazione sull&#8217;uso del metodo di biorisonanza per ampliare la vostra gamma di terapie.<\/p>\n","protected":false},"excerpt":{"rendered":"<p>In uso con pazienti di origine animale Grazie ai molteplici campi di applicazione della biorisonanza, il metodo per il trattamento di supporto e l&#8217;analisi mostra anche il suo potenziale nel trattamento degli animali. La biorisonanza per gli animali non \u00e8 pi\u00f9 una rarit\u00e0 nella medicina veterinaria, dove viene utilizzata da oltre 10 anni. Nella loro [&hellip;]<\/p>\n","protected":false},"author":1,"featured_media":0,"parent":0,"menu_order":0,"comment_status":"closed","ping_status":"closed","template":"","meta":{"footnotes":""},"yoast_head":"<!-- This site is optimized with the Yoast SEO plugin v22.2 - https:\/\/yoast.com\/wordpress\/plugins\/seo\/ -->\n<title>Biorisonanza per gli animali - BioResonanz 3000<\/title>\n<meta name=\"robots\" content=\"index, follow, max-snippet:-1, max-image-preview:large, max-video-preview:-1\" \/>\n<link rel=\"canonical\" href=\"https:\/\/bioresonanz-3000.it\/index.php\/biorisonanza-in-uso-con-pazienti-di-origine-animale\/\" \/>\n<meta property=\"og:locale\" content=\"it_IT\" \/>\n<meta property=\"og:type\" content=\"article\" \/>\n<meta property=\"og:title\" content=\"Biorisonanza per gli animali - BioResonanz 3000\" \/>\n<meta property=\"og:description\" content=\"In uso con pazienti di origine animale Grazie ai molteplici campi di applicazione della biorisonanza, il metodo per il trattamento di supporto e l&#8217;analisi mostra anche il suo potenziale nel trattamento degli animali. La biorisonanza per gli animali non \u00e8 pi\u00f9 una rarit\u00e0 nella medicina veterinaria, dove viene utilizzata da oltre 10 anni. Nella loro [&hellip;]\" \/>\n<meta property=\"og:url\" content=\"https:\/\/bioresonanz-3000.it\/index.php\/biorisonanza-in-uso-con-pazienti-di-origine-animale\/\" \/>\n<meta property=\"og:site_name\" content=\"BioResonanz 3000\" \/>\n<meta property=\"article:modified_time\" content=\"2020-06-03T08:53:53+00:00\" \/>\n<meta name=\"twitter:card\" content=\"summary_large_image\" \/>\n<meta name=\"twitter:label1\" content=\"Tempo di lettura stimato\" \/>\n\t<meta name=\"twitter:data1\" content=\"4 minuti\" \/>\n<script type=\"application\/ld+json\" class=\"yoast-schema-graph\">{\"@context\":\"https:\/\/schema.org\",\"@graph\":[{\"@type\":\"WebPage\",\"@id\":\"https:\/\/bioresonanz-3000.it\/index.php\/biorisonanza-in-uso-con-pazienti-di-origine-animale\/\",\"url\":\"https:\/\/bioresonanz-3000.it\/index.php\/biorisonanza-in-uso-con-pazienti-di-origine-animale\/\",\"name\":\"Biorisonanza per gli animali - BioResonanz 3000\",\"isPartOf\":{\"@id\":\"https:\/\/bioresonanz-3000.it\/#website\"},\"datePublished\":\"2020-05-30T16:31:29+00:00\",\"dateModified\":\"2020-06-03T08:53:53+00:00\",\"breadcrumb\":{\"@id\":\"https:\/\/bioresonanz-3000.it\/index.php\/biorisonanza-in-uso-con-pazienti-di-origine-animale\/#breadcrumb\"},\"inLanguage\":\"it-IT\",\"potentialAction\":[{\"@type\":\"ReadAction\",\"target\":[\"https:\/\/bioresonanz-3000.it\/index.php\/biorisonanza-in-uso-con-pazienti-di-origine-animale\/\"]}]},{\"@type\":\"BreadcrumbList\",\"@id\":\"https:\/\/bioresonanz-3000.it\/index.php\/biorisonanza-in-uso-con-pazienti-di-origine-animale\/#breadcrumb\",\"itemListElement\":[{\"@type\":\"ListItem\",\"position\":1,\"name\":\"Home\",\"item\":\"https:\/\/bioresonanz-3000.it\/\"},{\"@type\":\"ListItem\",\"position\":2,\"name\":\"Biorisonanza per gli animali\"}]},{\"@type\":\"WebSite\",\"@id\":\"https:\/\/bioresonanz-3000.it\/#website\",\"url\":\"https:\/\/bioresonanz-3000.it\/\",\"name\":\"BioResonanz 3000\",\"description\":\"La BioRisonanza va a 3000!\",\"potentialAction\":[{\"@type\":\"SearchAction\",\"target\":{\"@type\":\"EntryPoint\",\"urlTemplate\":\"https:\/\/bioresonanz-3000.it\/?s={search_term_string}\"},\"query-input\":\"required name=search_term_string\"}],\"inLanguage\":\"it-IT\"}]}<\/script>\n<!-- \/ Yoast SEO plugin. -->","yoast_head_json":{"title":"Biorisonanza per gli animali - BioResonanz 3000","robots":{"index":"index","follow":"follow","max-snippet":"max-snippet:-1","max-image-preview":"max-image-preview:large","max-video-preview":"max-video-preview:-1"},"canonical":"https:\/\/bioresonanz-3000.it\/index.php\/biorisonanza-in-uso-con-pazienti-di-origine-animale\/","og_locale":"it_IT","og_type":"article","og_title":"Biorisonanza per gli animali - BioResonanz 3000","og_description":"In uso con pazienti di origine animale Grazie ai molteplici campi di applicazione della biorisonanza, il metodo per il trattamento di supporto e l&#8217;analisi mostra anche il suo potenziale nel trattamento degli animali. La biorisonanza per gli animali non \u00e8 pi\u00f9 una rarit\u00e0 nella medicina veterinaria, dove viene utilizzata da oltre 10 anni. Nella loro [&hellip;]","og_url":"https:\/\/bioresonanz-3000.it\/index.php\/biorisonanza-in-uso-con-pazienti-di-origine-animale\/","og_site_name":"BioResonanz 3000","article_modified_time":"2020-06-03T08:53:53+00:00","twitter_card":"summary_large_image","twitter_misc":{"Tempo di lettura stimato":"4 minuti"},"schema":{"@context":"https:\/\/schema.org","@graph":[{"@type":"WebPage","@id":"https:\/\/bioresonanz-3000.it\/index.php\/biorisonanza-in-uso-con-pazienti-di-origine-animale\/","url":"https:\/\/bioresonanz-3000.it\/index.php\/biorisonanza-in-uso-con-pazienti-di-origine-animale\/","name":"Biorisonanza per gli animali - BioResonanz 3000","isPartOf":{"@id":"https:\/\/bioresonanz-3000.it\/#website"},"datePublished":"2020-05-30T16:31:29+00:00","dateModified":"2020-06-03T08:53:53+00:00","breadcrumb":{"@id":"https:\/\/bioresonanz-3000.it\/index.php\/biorisonanza-in-uso-con-pazienti-di-origine-animale\/#breadcrumb"},"inLanguage":"it-IT","potentialAction":[{"@type":"ReadAction","target":["https:\/\/bioresonanz-3000.it\/index.php\/biorisonanza-in-uso-con-pazienti-di-origine-animale\/"]}]},{"@type":"BreadcrumbList","@id":"https:\/\/bioresonanz-3000.it\/index.php\/biorisonanza-in-uso-con-pazienti-di-origine-animale\/#breadcrumb","itemListElement":[{"@type":"ListItem","position":1,"name":"Home","item":"https:\/\/bioresonanz-3000.it\/"},{"@type":"ListItem","position":2,"name":"Biorisonanza per gli animali"}]},{"@type":"WebSite","@id":"https:\/\/bioresonanz-3000.it\/#website","url":"https:\/\/bioresonanz-3000.it\/","name":"BioResonanz 3000","description":"La BioRisonanza va a 3000!","potentialAction":[{"@type":"SearchAction","target":{"@type":"EntryPoint","urlTemplate":"https:\/\/bioresonanz-3000.it\/?s={search_term_string}"},"query-input":"required name=search_term_string"}],"inLanguage":"it-IT"}]}},"_links":{"self":[{"href":"https:\/\/bioresonanz-3000.it\/index.php\/wp-json\/wp\/v2\/pages\/45"}],"collection":[{"href":"https:\/\/bioresonanz-3000.it\/index.php\/wp-json\/wp\/v2\/pages"}],"about":[{"href":"https:\/\/bioresonanz-3000.it\/index.php\/wp-json\/wp\/v2\/types\/page"}],"author":[{"embeddable":true,"href":"https:\/\/bioresonanz-3000.it\/index.php\/wp-json\/wp\/v2\/users\/1"}],"replies":[{"embeddable":true,"href":"https:\/\/bioresonanz-3000.it\/index.php\/wp-json\/wp\/v2\/comments?post=45"}],"version-history":[{"count":8,"href":"https:\/\/bioresonanz-3000.it\/index.php\/wp-json\/wp\/v2\/pages\/45\/revisions"}],"predecessor-version":[{"id":127,"href":"https:\/\/bioresonanz-3000.it\/index.php\/wp-json\/wp\/v2\/pages\/45\/revisions\/127"}],"wp:attachment":[{"href":"https:\/\/bioresonanz-3000.it\/index.php\/wp-json\/wp\/v2\/media?parent=45"}],"curies":[{"name":"wp","href":"https:\/\/api.w.org\/{rel}","templated":true}]}}