{"id":50,"date":"2020-05-30T16:33:26","date_gmt":"2020-05-30T16:33:26","guid":{"rendered":"https:\/\/bioresonanz-3000.it\/?page_id=50"},"modified":"2020-06-02T08:48:32","modified_gmt":"2020-06-02T08:48:32","slug":"funzionalita-bioresonanz-3000","status":"publish","type":"page","link":"https:\/\/bioresonanz-3000.it\/index.php\/funzionalita-bioresonanz-3000\/","title":{"rendered":"Funzionalit\u00e0 BioResonanz-3000"},"content":{"rendered":"\n<ul><li>Il test dei Nosodi, che nel metodo classico richiede molto tempo, viene velocizzato grazie ai Nosodi digitalizzati.<\/li><li>Il costoso acquisto di Nosodi non \u00e8 pi\u00f9 necessario, le nostre banche dati sono estremamente estese; inoltre, \u00e8 possibile creare proprie banche dati<\/li><li>Per gli animali ci sono accessori dedicati, tappeti o polsini.<\/li><li>Informazioni trasferite su globuli, gocce o schede chip<\/li><li>BioResonanz-3000 \u00e8 facile da trasportare e adatto per chi si muove, esempio veterinari.<\/li><li>Formazione tramite webinar anche individualmente.<\/li><li>Il software pu\u00f2 essere installato su diversi computer.<\/li><li>Leasing a partire da 1 anno di iscrizione all&#8217;attivit\u00e0 o allo studio<\/li><li>Supporto tramite manutenzione a distanza.<\/li><li>Made in Germany.<\/li><li>Il software e l&#8217;hardware sono stati sviluppati in collaborazione con esperti di Biorisonanza classica e psicobiofisica.<\/li><\/ul>\n","protected":false},"excerpt":{"rendered":"<p>Il test dei Nosodi, che nel metodo classico richiede molto tempo, viene velocizzato grazie ai Nosodi digitalizzati. Il costoso acquisto di Nosodi non \u00e8 pi\u00f9 necessario, le nostre banche dati sono estremamente estese; inoltre, \u00e8 possibile creare proprie banche dati Per gli animali ci sono accessori dedicati, tappeti o polsini. Informazioni trasferite su globuli, gocce [&hellip;]<\/p>\n","protected":false},"author":1,"featured_media":0,"parent":0,"menu_order":0,"comment_status":"closed","ping_status":"closed","template":"","meta":{"footnotes":""},"yoast_head":"<!-- This site is optimized with the Yoast SEO plugin v22.2 - https:\/\/yoast.com\/wordpress\/plugins\/seo\/ -->\n<title>Funzionalit\u00e0 BioResonanz-3000 - BioResonanz 3000<\/title>\n<meta name=\"robots\" content=\"index, follow, max-snippet:-1, max-image-preview:large, max-video-preview:-1\" \/>\n<link rel=\"canonical\" href=\"https:\/\/bioresonanz-3000.it\/index.php\/funzionalita-bioresonanz-3000\/\" \/>\n<meta property=\"og:locale\" content=\"it_IT\" \/>\n<meta property=\"og:type\" content=\"article\" \/>\n<meta property=\"og:title\" content=\"Funzionalit\u00e0 BioResonanz-3000 - BioResonanz 3000\" \/>\n<meta property=\"og:description\" content=\"Il test dei Nosodi, che nel metodo classico richiede molto tempo, viene velocizzato grazie ai Nosodi digitalizzati. Il costoso acquisto di Nosodi non \u00e8 pi\u00f9 necessario, le nostre banche dati sono estremamente estese; inoltre, \u00e8 possibile creare proprie banche dati Per gli animali ci sono accessori dedicati, tappeti o polsini. Informazioni trasferite su globuli, gocce [&hellip;]\" \/>\n<meta property=\"og:url\" content=\"https:\/\/bioresonanz-3000.it\/index.php\/funzionalita-bioresonanz-3000\/\" \/>\n<meta property=\"og:site_name\" content=\"BioResonanz 3000\" \/>\n<meta property=\"article:modified_time\" content=\"2020-06-02T08:48:32+00:00\" \/>\n<meta name=\"twitter:card\" content=\"summary_large_image\" \/>\n<meta name=\"twitter:label1\" content=\"Tempo di lettura stimato\" \/>\n\t<meta name=\"twitter:data1\" content=\"1 minuto\" \/>\n<script type=\"application\/ld+json\" class=\"yoast-schema-graph\">{\"@context\":\"https:\/\/schema.org\",\"@graph\":[{\"@type\":\"WebPage\",\"@id\":\"https:\/\/bioresonanz-3000.it\/index.php\/funzionalita-bioresonanz-3000\/\",\"url\":\"https:\/\/bioresonanz-3000.it\/index.php\/funzionalita-bioresonanz-3000\/\",\"name\":\"Funzionalit\u00e0 BioResonanz-3000 - BioResonanz 3000\",\"isPartOf\":{\"@id\":\"https:\/\/bioresonanz-3000.it\/#website\"},\"datePublished\":\"2020-05-30T16:33:26+00:00\",\"dateModified\":\"2020-06-02T08:48:32+00:00\",\"breadcrumb\":{\"@id\":\"https:\/\/bioresonanz-3000.it\/index.php\/funzionalita-bioresonanz-3000\/#breadcrumb\"},\"inLanguage\":\"it-IT\",\"potentialAction\":[{\"@type\":\"ReadAction\",\"target\":[\"https:\/\/bioresonanz-3000.it\/index.php\/funzionalita-bioresonanz-3000\/\"]}]},{\"@type\":\"BreadcrumbList\",\"@id\":\"https:\/\/bioresonanz-3000.it\/index.php\/funzionalita-bioresonanz-3000\/#breadcrumb\",\"itemListElement\":[{\"@type\":\"ListItem\",\"position\":1,\"name\":\"Home\",\"item\":\"https:\/\/bioresonanz-3000.it\/\"},{\"@type\":\"ListItem\",\"position\":2,\"name\":\"Funzionalit\u00e0 BioResonanz-3000\"}]},{\"@type\":\"WebSite\",\"@id\":\"https:\/\/bioresonanz-3000.it\/#website\",\"url\":\"https:\/\/bioresonanz-3000.it\/\",\"name\":\"BioResonanz 3000\",\"description\":\"La BioRisonanza va a 3000!\",\"potentialAction\":[{\"@type\":\"SearchAction\",\"target\":{\"@type\":\"EntryPoint\",\"urlTemplate\":\"https:\/\/bioresonanz-3000.it\/?s={search_term_string}\"},\"query-input\":\"required name=search_term_string\"}],\"inLanguage\":\"it-IT\"}]}<\/script>\n<!-- \/ Yoast SEO plugin. -->","yoast_head_json":{"title":"Funzionalit\u00e0 BioResonanz-3000 - BioResonanz 3000","robots":{"index":"index","follow":"follow","max-snippet":"max-snippet:-1","max-image-preview":"max-image-preview:large","max-video-preview":"max-video-preview:-1"},"canonical":"https:\/\/bioresonanz-3000.it\/index.php\/funzionalita-bioresonanz-3000\/","og_locale":"it_IT","og_type":"article","og_title":"Funzionalit\u00e0 BioResonanz-3000 - BioResonanz 3000","og_description":"Il test dei Nosodi, che nel metodo classico richiede molto tempo, viene velocizzato grazie ai Nosodi digitalizzati. Il costoso acquisto di Nosodi non \u00e8 pi\u00f9 necessario, le nostre banche dati sono estremamente estese; inoltre, \u00e8 possibile creare proprie banche dati Per gli animali ci sono accessori dedicati, tappeti o polsini. Informazioni trasferite su globuli, gocce [&hellip;]","og_url":"https:\/\/bioresonanz-3000.it\/index.php\/funzionalita-bioresonanz-3000\/","og_site_name":"BioResonanz 3000","article_modified_time":"2020-06-02T08:48:32+00:00","twitter_card":"summary_large_image","twitter_misc":{"Tempo di lettura stimato":"1 minuto"},"schema":{"@context":"https:\/\/schema.org","@graph":[{"@type":"WebPage","@id":"https:\/\/bioresonanz-3000.it\/index.php\/funzionalita-bioresonanz-3000\/","url":"https:\/\/bioresonanz-3000.it\/index.php\/funzionalita-bioresonanz-3000\/","name":"Funzionalit\u00e0 BioResonanz-3000 - BioResonanz 3000","isPartOf":{"@id":"https:\/\/bioresonanz-3000.it\/#website"},"datePublished":"2020-05-30T16:33:26+00:00","dateModified":"2020-06-02T08:48:32+00:00","breadcrumb":{"@id":"https:\/\/bioresonanz-3000.it\/index.php\/funzionalita-bioresonanz-3000\/#breadcrumb"},"inLanguage":"it-IT","potentialAction":[{"@type":"ReadAction","target":["https:\/\/bioresonanz-3000.it\/index.php\/funzionalita-bioresonanz-3000\/"]}]},{"@type":"BreadcrumbList","@id":"https:\/\/bioresonanz-3000.it\/index.php\/funzionalita-bioresonanz-3000\/#breadcrumb","itemListElement":[{"@type":"ListItem","position":1,"name":"Home","item":"https:\/\/bioresonanz-3000.it\/"},{"@type":"ListItem","position":2,"name":"Funzionalit\u00e0 BioResonanz-3000"}]},{"@type":"WebSite","@id":"https:\/\/bioresonanz-3000.it\/#website","url":"https:\/\/bioresonanz-3000.it\/","name":"BioResonanz 3000","description":"La BioRisonanza va a 3000!","potentialAction":[{"@type":"SearchAction","target":{"@type":"EntryPoint","urlTemplate":"https:\/\/bioresonanz-3000.it\/?s={search_term_string}"},"query-input":"required name=search_term_string"}],"inLanguage":"it-IT"}]}},"_links":{"self":[{"href":"https:\/\/bioresonanz-3000.it\/index.php\/wp-json\/wp\/v2\/pages\/50"}],"collection":[{"href":"https:\/\/bioresonanz-3000.it\/index.php\/wp-json\/wp\/v2\/pages"}],"about":[{"href":"https:\/\/bioresonanz-3000.it\/index.php\/wp-json\/wp\/v2\/types\/page"}],"author":[{"embeddable":true,"href":"https:\/\/bioresonanz-3000.it\/index.php\/wp-json\/wp\/v2\/users\/1"}],"replies":[{"embeddable":true,"href":"https:\/\/bioresonanz-3000.it\/index.php\/wp-json\/wp\/v2\/comments?post=50"}],"version-history":[{"count":6,"href":"https:\/\/bioresonanz-3000.it\/index.php\/wp-json\/wp\/v2\/pages\/50\/revisions"}],"predecessor-version":[{"id":96,"href":"https:\/\/bioresonanz-3000.it\/index.php\/wp-json\/wp\/v2\/pages\/50\/revisions\/96"}],"wp:attachment":[{"href":"https:\/\/bioresonanz-3000.it\/index.php\/wp-json\/wp\/v2\/media?parent=50"}],"curies":[{"name":"wp","href":"https:\/\/api.w.org\/{rel}","templated":true}]}}